{"id":10037,"date":"2019-11-10T22:53:58","date_gmt":"2019-11-10T14:53:58","guid":{"rendered":"http:\/\/spiox.edu.mo\/?page_id=10037"},"modified":"2026-05-04T10:56:33","modified_gmt":"2026-05-04T02:56:33","slug":"school-intro","status":"publish","type":"page","link":"https:\/\/spiox.edu.mo\/en\/about\/school-intro\/","title":{"rendered":"Background"},"content":{"rendered":"\t\t<div data-elementor-type=\"wp-page\" data-elementor-id=\"10037\" class=\"elementor elementor-10037 elementor-269\" data-elementor-settings=\"[]\">\n\t\t\t\t\t\t<div class=\"elementor-inner\">\n\t\t\t\t\t\t\t<div class=\"elementor-section-wrap\">\n\t\t\t\t\t\t\t<section class=\"elementor-section elementor-top-section elementor-element elementor-element-2de830c elementor-section-boxed elementor-section-height-default elementor-section-height-default\" data-id=\"2de830c\" data-element_type=\"section\">\n\t\t\t\t\t\t<div class=\"elementor-container elementor-column-gap-default\">\n\t\t\t\t\t\t\t<div class=\"elementor-row\">\n\t\t\t\t\t<div class=\"elementor-column elementor-col-100 elementor-top-column elementor-element elementor-element-b4cff79\" data-id=\"b4cff79\" data-element_type=\"column\" data-settings=\"{&quot;background_background&quot;:&quot;classic&quot;}\">\n\t\t\t<div class=\"elementor-column-wrap elementor-element-populated\">\n\t\t\t\t\t\t\t<div class=\"elementor-widget-wrap\">\n\t\t\t\t\t\t<section class=\"elementor-section elementor-inner-section elementor-element elementor-element-6f239a1 elementor-section-boxed elementor-section-height-default elementor-section-height-default\" data-id=\"6f239a1\" data-element_type=\"section\" data-settings=\"{&quot;background_background&quot;:&quot;classic&quot;}\">\n\t\t\t\t\t\t\t<div class=\"elementor-background-overlay\"><\/div>\n\t\t\t\t\t\t\t<div class=\"elementor-container elementor-column-gap-default\">\n\t\t\t\t\t\t\t<div class=\"elementor-row\">\n\t\t\t\t\t<div class=\"elementor-column elementor-col-100 elementor-inner-column elementor-element elementor-element-731f64a\" data-id=\"731f64a\" data-element_type=\"column\">\n\t\t\t<div class=\"elementor-column-wrap elementor-element-populated\">\n\t\t\t\t\t\t\t<div class=\"elementor-widget-wrap\">\n\t\t\t\t\t\t<div class=\"elementor-element elementor-element-b4a2ddf elementor-widget elementor-widget-text-editor\" data-id=\"b4a2ddf\" data-element_type=\"widget\" data-widget_type=\"text-editor.default\">\n\t\t\t\t<div class=\"elementor-widget-container\">\n\t\t\t\t\t<div class=\"elementor-text-editor elementor-clearfix\"><h3>Background<\/h3><\/div>\n\t\t\t\t<\/div>\n\t\t\t\t<\/div>\n\t\t\t\t\t\t<\/div>\n\t\t\t\t\t<\/div>\n\t\t<\/div>\n\t\t\t\t\t\t\t\t<\/div>\n\t\t\t\t\t<\/div>\n\t\t<\/section>\n\t\t\t\t<div class=\"elementor-element elementor-element-dc28d09 elementor-widget elementor-widget-text-editor\" data-id=\"dc28d09\" data-element_type=\"widget\" data-widget_type=\"text-editor.default\">\n\t\t\t\t<div class=\"elementor-widget-container\">\n\t\t\t\t\t<div class=\"elementor-text-editor elementor-clearfix\"><p>Established in 1962 by Fr \u00c1ureo Castro, the Academia de M\u00fasica S\u00e3o Pio X (under the Diocese of Macau) was the first institution in Macau to provide systematic musical training to young people. With the passing of Fr \u00c1ureo in 1993, Fr Lancelote Rodrigues became the new Director and he invited Dr Margaret Lynn, Hong Kong pianist and music educator, to be Music Consultant. The school building underwent expansion in 1975, and later, in 1995, relocated to another site in Rua da Santa Clara. Fr Lancelote led the Academia until 2013 at which point C\u00f3nego Jo\u00e3o Evangelista Lau took over the directorship. In September 2020, Bishop Stephen Lee appointed C\u00f3nego Lau as the School Supervisor and Basilla Sam as the Director. Bishop Stephen Lee Bun Sang also approved the former Col\u00e9gio Mateos Ricci in Rua da Praia do Bom Parto to be the Academia\u2019s new campus. After over three years of restoration and reconstruction of the heritage building, the Academia has settled into the premises since September 2021. Its additional space, resources and facilities provide a much enhanced teaching and learning environment.<\/p><\/div>\n\t\t\t\t<\/div>\n\t\t\t\t<\/div>\n\t\t\t\t<section class=\"elementor-section elementor-inner-section elementor-element elementor-element-dafabad elementor-section-boxed elementor-section-height-default elementor-section-height-default\" data-id=\"dafabad\" data-element_type=\"section\">\n\t\t\t\t\t\t<div class=\"elementor-container elementor-column-gap-default\">\n\t\t\t\t\t\t\t<div class=\"elementor-row\">\n\t\t\t\t\t<div class=\"elementor-column elementor-col-33 elementor-inner-column elementor-element elementor-element-54863f3\" data-id=\"54863f3\" data-element_type=\"column\">\n\t\t\t<div class=\"elementor-column-wrap elementor-element-populated\">\n\t\t\t\t\t\t\t<div class=\"elementor-widget-wrap\">\n\t\t\t\t\t\t<div class=\"elementor-element elementor-element-60f5b15 elementor-widget elementor-widget-image\" data-id=\"60f5b15\" data-element_type=\"widget\" data-widget_type=\"image.default\">\n\t\t\t\t<div class=\"elementor-widget-container\">\n\t\t\t\t\t<div class=\"elementor-image\">\n\t\t\t\t\t\t\t<figure class=\"wp-caption\">\n\t\t\t\t\t\t\t\t\t\t\t<a href=\"http:\/\/spiox.edu.mo\/wp-content\/uploads\/2019\/11\/06-scaled.jpg\" data-elementor-open-lightbox=\"yes\" data-elementor-lightbox-title=\"\u5340\u5e2b\u9054\u795e\u7236\">\n\t\t\t\t\t\t\t<img loading=\"lazy\" decoding=\"async\" width=\"300\" height=\"300\" src=\"https:\/\/spiox.edu.mo\/wp-content\/uploads\/2019\/11\/06-300x300.jpg\" class=\"attachment-thumbnail size-thumbnail\" alt=\"\u5340\u5e2b\u9054\u795e\u7236\" \/>\t\t\t\t\t\t\t\t<\/a>\n\t\t\t\t\t\t\t\t\t\t\t<figcaption class=\"widget-image-caption wp-caption-text\">\u5716\u7247\u8aaa\u660e\uff1a\u5340\u5e2b\u9054\u795e\u7236<\/figcaption>\n\t\t\t\t\t\t\t\t\t\t<\/figure>\n\t\t\t\t\t<\/div>\n\t\t\t\t<\/div>\n\t\t\t\t<\/div>\n\t\t\t\t\t\t<\/div>\n\t\t\t\t\t<\/div>\n\t\t<\/div>\n\t\t\t\t<div class=\"elementor-column elementor-col-33 elementor-inner-column elementor-element elementor-element-0dde5a2\" data-id=\"0dde5a2\" data-element_type=\"column\">\n\t\t\t<div class=\"elementor-column-wrap elementor-element-populated\">\n\t\t\t\t\t\t\t<div class=\"elementor-widget-wrap\">\n\t\t\t\t\t\t<div class=\"elementor-element elementor-element-20f91ec elementor-widget elementor-widget-image\" data-id=\"20f91ec\" data-element_type=\"widget\" data-widget_type=\"image.default\">\n\t\t\t\t<div class=\"elementor-widget-container\">\n\t\t\t\t\t<div class=\"elementor-image\">\n\t\t\t\t\t\t\t<figure class=\"wp-caption\">\n\t\t\t\t\t\t\t\t\t\t\t<a href=\"http:\/\/spiox.edu.mo\/wp-content\/uploads\/2019\/11\/07-scaled.jpg\" data-elementor-open-lightbox=\"yes\" data-elementor-lightbox-title=\"1962-1963\u5e74\u5ea6\u9996\u6b21\u7d50\u696d\u97f3\u6a02\u6703\u5f8c\u5408\u7167\">\n\t\t\t\t\t\t\t<img loading=\"lazy\" decoding=\"async\" width=\"300\" height=\"300\" src=\"https:\/\/spiox.edu.mo\/wp-content\/uploads\/2019\/11\/07-300x300.jpg\" class=\"attachment-thumbnail size-thumbnail\" alt=\"1962-1963\u5e74\u5ea6\u9996\u6b21\u7d50\u696d\u97f3\u6a02\u6703\u5f8c\u5408\u7167\" \/>\t\t\t\t\t\t\t\t<\/a>\n\t\t\t\t\t\t\t\t\t\t\t<figcaption class=\"widget-image-caption wp-caption-text\">\u5716\u7247\u8aaa\u660e\uff1a1962-1963\u5e74\u5ea6\u9996\u6b21\u7d50\u696d\u97f3\u6a02\u6703\u5f8c\u5408\u7167<\/figcaption>\n\t\t\t\t\t\t\t\t\t\t<\/figure>\n\t\t\t\t\t<\/div>\n\t\t\t\t<\/div>\n\t\t\t\t<\/div>\n\t\t\t\t\t\t<\/div>\n\t\t\t\t\t<\/div>\n\t\t<\/div>\n\t\t\t\t<div class=\"elementor-column elementor-col-33 elementor-inner-column elementor-element elementor-element-a1545a5\" data-id=\"a1545a5\" data-element_type=\"column\">\n\t\t\t<div class=\"elementor-column-wrap elementor-element-populated\">\n\t\t\t\t\t\t\t<div class=\"elementor-widget-wrap\">\n\t\t\t\t\t\t<div class=\"elementor-element elementor-element-b40ce1a elementor-widget elementor-widget-image\" data-id=\"b40ce1a\" data-element_type=\"widget\" data-widget_type=\"image.default\">\n\t\t\t\t<div class=\"elementor-widget-container\">\n\t\t\t\t\t<div class=\"elementor-image\">\n\t\t\t\t\t\t\t<figure class=\"wp-caption\">\n\t\t\t\t\t\t\t\t\t\t\t<a href=\"http:\/\/spiox.edu.mo\/wp-content\/uploads\/2019\/11\/08.jpg\" data-elementor-open-lightbox=\"yes\" data-elementor-lightbox-title=\"1960\u5e74\u4ee3\u65bc\u7f8e\u9e97\u8857\u97f3\u6a02\u5b78\u9662\u820a\u5740\u79ae\u5802 \u5340\u5e2b\u9054\u795e\u7236\u3001\u5e2b\u751f\u3001\u5bb6\u9577\u6b23\u8cde\u5b78\u751f\u97f3\u6a02\u6703\">\n\t\t\t\t\t\t\t<img loading=\"lazy\" decoding=\"async\" width=\"300\" height=\"300\" src=\"https:\/\/spiox.edu.mo\/wp-content\/uploads\/2019\/11\/08-300x300.jpg\" class=\"attachment-thumbnail size-thumbnail\" alt=\"60\u5e74\u4ee3\u65bc\u7f8e\u9e97\u8857\u97f3\u6a02\u5b78\u9662\u820a\u5740\u79ae\u5802\u6b23\u8cde\u5b78\u751f\u97f3\u6a02\u6703\" \/>\t\t\t\t\t\t\t\t<\/a>\n\t\t\t\t\t\t\t\t\t\t\t<figcaption class=\"widget-image-caption wp-caption-text\">\u5716\u7247\u8aaa\u660e\uff1a60\u5e74\u4ee3\u65bc\u7f8e\u9e97\u8857\u97f3\u6a02\u5b78\u9662\u820a\u5740\u79ae\u5802\u6b23\u8cde\u5b78\u751f\u97f3\u6a02\u6703<\/figcaption>\n\t\t\t\t\t\t\t\t\t\t<\/figure>\n\t\t\t\t\t<\/div>\n\t\t\t\t<\/div>\n\t\t\t\t<\/div>\n\t\t\t\t\t\t<\/div>\n\t\t\t\t\t<\/div>\n\t\t<\/div>\n\t\t\t\t\t\t\t\t<\/div>\n\t\t\t\t\t<\/div>\n\t\t<\/section>\n\t\t\t\t<div class=\"elementor-element elementor-element-8c25770 elementor-widget elementor-widget-text-editor\" data-id=\"8c25770\" data-element_type=\"widget\" data-widget_type=\"text-editor.default\">\n\t\t\t\t<div class=\"elementor-widget-container\">\n\t\t\t\t\t<div class=\"elementor-text-editor elementor-clearfix\"><p>The Academia\u2019s importance in fostering musical talent and enriching the cultural life of Macao was well recognized by the Macao Government which twice awarded the Medal of Cultural Merit to the Academia and Fr \u00c1ureo in 1987 and 1990 respectively. The Academia stresses music and arts education as an integral part of holistic education, and offers an all-round musical training of a very high standard, as envisaged originally by Fr \u00c1ureo. Learning music improves a child\u2019s ability to think, reason, create, and express; and develops coordination, self-esteem and social skills. A high number of students continue on to tertiary music studies in prestigious conservatories or universities abroad; many graduates are now actively engaged in Macau\u2019s arts scene.<\/p>\n<\/div>\n\t\t\t\t<\/div>\n\t\t\t\t<\/div>\n\t\t\t\t<section class=\"elementor-section elementor-inner-section elementor-element elementor-element-3916767 elementor-section-boxed elementor-section-height-default elementor-section-height-default\" data-id=\"3916767\" data-element_type=\"section\">\n\t\t\t\t\t\t<div class=\"elementor-container elementor-column-gap-default\">\n\t\t\t\t\t\t\t<div class=\"elementor-row\">\n\t\t\t\t\t<div class=\"elementor-column elementor-col-50 elementor-inner-column elementor-element elementor-element-64bd6ac\" data-id=\"64bd6ac\" data-element_type=\"column\">\n\t\t\t<div class=\"elementor-column-wrap elementor-element-populated\">\n\t\t\t\t\t\t\t<div class=\"elementor-widget-wrap\">\n\t\t\t\t\t\t<div class=\"elementor-element elementor-element-088b253 elementor-widget elementor-widget-image\" data-id=\"088b253\" data-element_type=\"widget\" data-widget_type=\"image.default\">\n\t\t\t\t<div class=\"elementor-widget-container\">\n\t\t\t\t\t<div class=\"elementor-image\">\n\t\t\t\t\t\t\t<figure class=\"wp-caption\">\n\t\t\t\t\t\t\t\t\t\t\t<a href=\"http:\/\/spiox.edu.mo\/wp-content\/uploads\/2019\/11\/18-scaled.jpg\" data-elementor-open-lightbox=\"yes\" data-elementor-lightbox-title=\"\u5b78\u9662\u81ea1962\u5e74\u5275\u8fa6\u4ee5\u4f86\u57f9\u990a\u7121\u6578\u672c\u5730\u97f3\u6a02\u4eba\u624d\u3002\">\n\t\t\t\t\t\t\t<img loading=\"lazy\" decoding=\"async\" width=\"300\" height=\"300\" src=\"https:\/\/spiox.edu.mo\/wp-content\/uploads\/2019\/11\/18-300x300.jpg\" class=\"attachment-thumbnail size-thumbnail\" alt=\"\u5b78\u9662\u81ea1962\u5e74\u5275\u8fa6\u4ee5\u4f86\u57f9\u990a\u7121\u6578\u672c\u5730\u97f3\u6a02\u4eba\u624d\u3002\" \/>\t\t\t\t\t\t\t\t<\/a>\n\t\t\t\t\t\t\t\t\t\t\t<figcaption class=\"widget-image-caption wp-caption-text\">\u5716\u7247\u8aaa\u660e\uff1a\u5b78\u9662\u81ea1962\u5e74\u5275\u8fa6\u4ee5\u4f86\uff0c\u57f9\u990a\u7121\u6578\u672c\u5730\u97f3\u6a02\u4eba\u624d\u3002<\/figcaption>\n\t\t\t\t\t\t\t\t\t\t<\/figure>\n\t\t\t\t\t<\/div>\n\t\t\t\t<\/div>\n\t\t\t\t<\/div>\n\t\t\t\t\t\t<\/div>\n\t\t\t\t\t<\/div>\n\t\t<\/div>\n\t\t\t\t<div class=\"elementor-column elementor-col-50 elementor-inner-column elementor-element elementor-element-cbc4ef2\" data-id=\"cbc4ef2\" data-element_type=\"column\">\n\t\t\t<div class=\"elementor-column-wrap elementor-element-populated\">\n\t\t\t\t\t\t\t<div class=\"elementor-widget-wrap\">\n\t\t\t\t\t\t<div class=\"elementor-element elementor-element-f49cf4c elementor-widget elementor-widget-image\" data-id=\"f49cf4c\" data-element_type=\"widget\" data-widget_type=\"image.default\">\n\t\t\t\t<div class=\"elementor-widget-container\">\n\t\t\t\t\t<div class=\"elementor-image\">\n\t\t\t\t\t\t\t<figure class=\"wp-caption\">\n\t\t\t\t\t\t\t\t\t\t\t<a href=\"http:\/\/spiox.edu.mo\/wp-content\/uploads\/2019\/11\/04-scaled.jpg\" data-elementor-open-lightbox=\"yes\" data-elementor-lightbox-title=\"\u5e2b\u751f\u65bc\u5b78\u9662\u56db\u5341\u4e94\u9031\u5e74\u6176\u5178\u97f3\u6a02\u6703\u4e0a\u806f\u5f48\u6f14\u51fa\">\n\t\t\t\t\t\t\t<img loading=\"lazy\" decoding=\"async\" width=\"300\" height=\"300\" src=\"https:\/\/spiox.edu.mo\/wp-content\/uploads\/2019\/11\/04-300x300.jpg\" class=\"attachment-thumbnail size-thumbnail\" alt=\"\u5e2b\u751f\u65bc\u5b78\u9662\u56db\u5341\u4e94\u9031\u5e74\u6176\u5178\u97f3\u6a02\u6703\u4e0a\u806f\u5f48\u6f14\u51fa\" \/>\t\t\t\t\t\t\t\t<\/a>\n\t\t\t\t\t\t\t\t\t\t\t<figcaption class=\"widget-image-caption wp-caption-text\">\u5716\u7247\u8aaa\u660e\uff1a\u5e2b\u751f\u65bc\u5b78\u9662\u56db\u5341\u4e94\u9031\u5e74\u6176\u5178\u97f3\u6a02\u6703\u4e0a\u806f\u5f48\u6f14\u51fa<\/figcaption>\n\t\t\t\t\t\t\t\t\t\t<\/figure>\n\t\t\t\t\t<\/div>\n\t\t\t\t<\/div>\n\t\t\t\t<\/div>\n\t\t\t\t\t\t<\/div>\n\t\t\t\t\t<\/div>\n\t\t<\/div>\n\t\t\t\t\t\t\t\t<\/div>\n\t\t\t\t\t<\/div>\n\t\t<\/section>\n\t\t\t\t<div class=\"elementor-element elementor-element-647f9d3 elementor-widget elementor-widget-text-editor\" data-id=\"647f9d3\" data-element_type=\"widget\" data-widget_type=\"text-editor.default\">\n\t\t\t\t<div class=\"elementor-widget-container\">\n\t\t\t\t\t<div class=\"elementor-text-editor elementor-clearfix\"><p>The curriculum is designed to give students a balanced exposure to the discipline of music. Supported by a team of dedicated teachers, many of whom with postgraduate music degrees and trained overseas, students receive weekly instrumental tuition and musicianship classes. There are many opportunities to take part in ensemble work, choir activities and performances within the Academia and in outside concert venues. Visiting artists regularly give masterclasses, lectures, workshops and concerts, as well as judge internal music competitions. The Academia also organizes an activities week each year that offers students a wide range of music experiences outside of their normal lessons. Students have achieved outstanding practical and theory results in ABRSM examinations. There are major successes in international competitions such as the PIARA Piano Competition (Japan) and in the Macau Youth Music Competitions, with students gaining awards such as the Prize for Best Musical Potential and the Cultural Affairs Bureau Grand Prize.<\/p>\n<p>The Academia looks forward to furthering its contribution to the cultural aspirations of Macau.<\/p>\n<\/div>\n\t\t\t\t<\/div>\n\t\t\t\t<\/div>\n\t\t\t\t<div class=\"elementor-element elementor-element-4d29b79 elementor-widget elementor-widget-heading\" data-id=\"4d29b79\" data-element_type=\"widget\" data-widget_type=\"heading.default\">\n\t\t\t\t<div class=\"elementor-widget-container\">\n\t\t\t<h2 class=\"elementor-heading-title elementor-size-default\">Motto<\/h2>\t\t<\/div>\n\t\t\t\t<\/div>\n\t\t\t\t<div class=\"elementor-element elementor-element-2bb47af elementor-widget elementor-widget-text-editor\" data-id=\"2bb47af\" data-element_type=\"widget\" data-widget_type=\"text-editor.default\">\n\t\t\t\t<div class=\"elementor-widget-container\">\n\t\t\t\t\t<div class=\"elementor-text-editor elementor-clearfix\"><p>The Academia has adopted the Chinese motto\u300c\u4ee5\u6a02\u8f09\u9053\uff0c\u4ee5\u5fb7\u60df\u99a8\u300d(\u2018Let Music be the Path to Truth, Let Virtue be the Source of Grace) which refers to the cultivation of universal virtues that are the basis for the development of a meaningful life. It is the aim of the Academia to help its students develop to the best of their ability in music and to support their intellectual, social and personal growth.<\/p>\n<\/div>\n\t\t\t\t<\/div>\n\t\t\t\t<\/div>\n\t\t\t\t\t\t<\/div>\n\t\t\t\t\t<\/div>\n\t\t<\/div>\n\t\t\t\t\t\t\t\t<\/div>\n\t\t\t\t\t<\/div>\n\t\t<\/section>\n\t\t\t\t\t\t<\/div>\n\t\t\t\t\t\t<\/div>\n\t\t\t\t\t<\/div>\n\t\t","protected":false},"excerpt":{"rendered":"<p>Background Established in 1962 by Fr \u00c1ureo Castro, the Academia de M\u00fasica S\u00e3o Pio X (under the Diocese of Macau) was the first institution in Macau to provide systematic musical training to young people. With the passing of Fr \u00c1ureo in 1993, Fr Lancelote Rodrigues became the new Director and he invited Dr Margaret Lynn, [&hellip;]<\/p>\n","protected":false},"author":1,"featured_media":10806,"parent":10035,"menu_order":0,"comment_status":"closed","ping_status":"closed","template":"","meta":{"footnotes":""},"class_list":["post-10037","page","type-page","status-publish","has-post-thumbnail","hentry"],"acf":[],"_links":{"self":[{"href":"https:\/\/spiox.edu.mo\/en\/wp-json\/wp\/v2\/pages\/10037","targetHints":{"allow":["GET"]}}],"collection":[{"href":"https:\/\/spiox.edu.mo\/en\/wp-json\/wp\/v2\/pages"}],"about":[{"href":"https:\/\/spiox.edu.mo\/en\/wp-json\/wp\/v2\/types\/page"}],"author":[{"embeddable":true,"href":"https:\/\/spiox.edu.mo\/en\/wp-json\/wp\/v2\/users\/1"}],"replies":[{"embeddable":true,"href":"https:\/\/spiox.edu.mo\/en\/wp-json\/wp\/v2\/comments?post=10037"}],"version-history":[{"count":0,"href":"https:\/\/spiox.edu.mo\/en\/wp-json\/wp\/v2\/pages\/10037\/revisions"}],"up":[{"embeddable":true,"href":"https:\/\/spiox.edu.mo\/en\/wp-json\/wp\/v2\/pages\/10035"}],"wp:featuredmedia":[{"embeddable":true,"href":"https:\/\/spiox.edu.mo\/en\/wp-json\/wp\/v2\/media\/10806"}],"wp:attachment":[{"href":"https:\/\/spiox.edu.mo\/en\/wp-json\/wp\/v2\/media?parent=10037"}],"curies":[{"name":"wp","href":"https:\/\/api.w.org\/{rel}","templated":true}]}}