{"id":10045,"date":"2020-04-02T03:29:50","date_gmt":"2020-04-01T19:29:50","guid":{"rendered":"http:\/\/spiox.edu.mo\/?page_id=10045"},"modified":"2025-06-12T10:55:14","modified_gmt":"2025-06-12T02:55:14","slug":"enrollment-en","status":"publish","type":"page","link":"https:\/\/spiox.edu.mo\/en\/course\/enrollment-en\/","title":{"rendered":"Enrollment"},"content":{"rendered":"\t\t<div data-elementor-type=\"wp-page\" data-elementor-id=\"10045\" class=\"elementor elementor-10045 elementor-3619\" data-elementor-settings=\"[]\">\n\t\t\t\t\t\t<div class=\"elementor-inner\">\n\t\t\t\t\t\t\t<div class=\"elementor-section-wrap\">\n\t\t\t\t\t\t\t<section class=\"elementor-section elementor-top-section elementor-element elementor-element-12aa4c5a elementor-section-boxed elementor-section-height-default elementor-section-height-default\" data-id=\"12aa4c5a\" data-element_type=\"section\">\n\t\t\t\t\t\t<div class=\"elementor-container elementor-column-gap-default\">\n\t\t\t\t\t\t\t<div class=\"elementor-row\">\n\t\t\t\t\t<div class=\"elementor-column elementor-col-100 elementor-top-column elementor-element elementor-element-7f2be566\" data-id=\"7f2be566\" data-element_type=\"column\" data-settings=\"{&quot;background_background&quot;:&quot;classic&quot;}\">\n\t\t\t<div class=\"elementor-column-wrap elementor-element-populated\">\n\t\t\t\t\t\t\t<div class=\"elementor-widget-wrap\">\n\t\t\t\t\t\t<div class=\"elementor-element elementor-element-2f50098 elementor-widget elementor-widget-heading\" data-id=\"2f50098\" data-element_type=\"widget\" data-widget_type=\"heading.default\">\n\t\t\t\t<div class=\"elementor-widget-container\">\n\t\t\t<h2 class=\"elementor-heading-title elementor-size-default\">Enrollment<\/h2>\t\t<\/div>\n\t\t\t\t<\/div>\n\t\t\t\t<section class=\"elementor-section elementor-inner-section elementor-element elementor-element-4d35006 elementor-hidden-phone elementor-section-boxed elementor-section-height-default elementor-section-height-default\" data-id=\"4d35006\" data-element_type=\"section\" data-settings=\"{&quot;background_background&quot;:&quot;classic&quot;,&quot;sticky&quot;:&quot;top&quot;,&quot;sticky_offset&quot;:52,&quot;sticky_on&quot;:[&quot;desktop&quot;,&quot;tablet&quot;,&quot;mobile&quot;],&quot;sticky_effects_offset&quot;:0}\">\n\t\t\t\t\t\t<div class=\"elementor-container elementor-column-gap-no\">\n\t\t\t\t\t\t\t<div class=\"elementor-row\">\n\t\t\t\t\t<div class=\"elementor-column elementor-col-50 elementor-inner-column elementor-element elementor-element-fd575ba\" data-id=\"fd575ba\" data-element_type=\"column\">\n\t\t\t<div class=\"elementor-column-wrap elementor-element-populated\">\n\t\t\t\t\t\t\t<div class=\"elementor-widget-wrap\">\n\t\t\t\t\t\t<div class=\"elementor-element elementor-element-1173332 elementor-align-center elementor-widget elementor-widget-button\" data-id=\"1173332\" data-element_type=\"widget\" data-widget_type=\"button.default\">\n\t\t\t\t<div class=\"elementor-widget-container\">\n\t\t\t\t\t<div class=\"elementor-button-wrapper\">\n\t\t\t<a href=\"#application\" class=\"elementor-button-link elementor-button elementor-size-sm\" role=\"button\">\n\t\t\t\t\t\t<span class=\"elementor-button-content-wrapper\">\n\t\t\t\t\t\t<span class=\"elementor-button-text\">Regulations & Form Downloads<\/span>\n\t\t<\/span>\n\t\t\t\t\t<\/a>\n\t\t<\/div>\n\t\t\t\t<\/div>\n\t\t\t\t<\/div>\n\t\t\t\t\t\t<\/div>\n\t\t\t\t\t<\/div>\n\t\t<\/div>\n\t\t\t\t<div class=\"elementor-column elementor-col-50 elementor-inner-column elementor-element elementor-element-3d3667f\" data-id=\"3d3667f\" data-element_type=\"column\">\n\t\t\t<div class=\"elementor-column-wrap elementor-element-populated\">\n\t\t\t\t\t\t\t<div class=\"elementor-widget-wrap\">\n\t\t\t\t\t\t<div class=\"elementor-element elementor-element-8cd92bc elementor-align-center elementor-widget elementor-widget-button\" data-id=\"8cd92bc\" data-element_type=\"widget\" data-widget_type=\"button.default\">\n\t\t\t\t<div class=\"elementor-widget-container\">\n\t\t\t\t\t<div class=\"elementor-button-wrapper\">\n\t\t\t<a href=\"#exam\" class=\"elementor-button-link elementor-button elementor-size-sm\" role=\"button\">\n\t\t\t\t\t\t<span class=\"elementor-button-content-wrapper\">\n\t\t\t\t\t\t<span class=\"elementor-button-text\">Admission Exam Details<\/span>\n\t\t<\/span>\n\t\t\t\t\t<\/a>\n\t\t<\/div>\n\t\t\t\t<\/div>\n\t\t\t\t<\/div>\n\t\t\t\t\t\t<\/div>\n\t\t\t\t\t<\/div>\n\t\t<\/div>\n\t\t\t\t\t\t\t\t<\/div>\n\t\t\t\t\t<\/div>\n\t\t<\/section>\n\t\t\t\t<div class=\"elementor-element elementor-element-61b6fa59 elementor-widget elementor-widget-text-editor\" data-id=\"61b6fa59\" data-element_type=\"widget\" data-widget_type=\"text-editor.default\">\n\t\t\t\t<div class=\"elementor-widget-container\">\n\t\t\t\t\t<div class=\"elementor-text-editor elementor-clearfix\"><p style=\"text-align: center;\"><strong>Introduction<\/strong><\/p>\n<p>Established in 1962 by Fr. \u00c1ureo Castro, the Academia de M\u00fasica S\u00e3o Pio X, under the Macau Catholic Diocese, is the first music school in Macau providing systematic musical training for talented young people.<\/p>\n<p>The Academia stresses music and arts education as an integral part of holistic education.\u00a0 Learning music will improve a child\u2019s ability to think, reason, create, and express; as well as develop coordination, self-esteem and social skills. The Academia has a supportive, stimulating environment and a team of experienced, dedicated teachers, and pupils are encouraged to learn how to concentrate, listen, and engage their imagination with music.\u00a0 A high number of students go on to study music at university level, and many who chose to pursue professional careers in medicine, science, law etc continue to have a serious love for music.<\/p>\n<p>The curriculum is designed to give students a balanced exposure to the discipline of music.\u00a0 In addition to the regular instrumental tuition and musicianship classes, students have many opportunities to take part in different performances in the Academia and outside concert venues.\u00a0 The Academia also regularly organizes masterclasses, lectures, workshops and concerts by distinguished musicians and artists which are open to the public.<\/p>\n<p>In September 2021, the Academia had relocated to Rua da Praia do Bom Parto (the former Matteo Ricci College Primary Section). Additional space, resources and facilities in the new campus will enable the Academia to develop strategically in many areas, and further contribute to the cultural aspirations of Macau.<\/p>\n<p style=\"text-align: center;\"><strong> Academia Motto<\/strong><\/p>\n<p>The Academia has adopted the Chinese motto\u300c\u4ee5\u6a02\u8f09\u9053\uff0c\u4ee5\u5fb7\u60df\u99a8\u300d(\u2018Let Music be the Path to Truth, Let Virtue be the Source of Grace) which refers to the cultivation of universal virtues that are the basis for the development of a meaningful life. It is the aim of the Academia to help its students develop to the best of their ability in music and to support their intellectual, social and personal growth.<\/p>\n<\/div>\n\t\t\t\t<\/div>\n\t\t\t\t<\/div>\n\t\t\t\t<div class=\"elementor-element elementor-element-d680e28 elementor-widget elementor-widget-menu-anchor\" data-id=\"d680e28\" data-element_type=\"widget\" data-widget_type=\"menu-anchor.default\">\n\t\t\t\t<div class=\"elementor-widget-container\">\n\t\t\t\t\t<div id=\"application\" class=\"elementor-menu-anchor\"><\/div>\n\t\t\t\t<\/div>\n\t\t\t\t<\/div>\n\t\t\t\t<div class=\"elementor-element elementor-element-0fadffb elementor-widget elementor-widget-text-editor\" data-id=\"0fadffb\" data-element_type=\"widget\" data-widget_type=\"text-editor.default\">\n\t\t\t\t<div class=\"elementor-widget-container\">\n\t\t\t\t\t<div class=\"elementor-text-editor elementor-clearfix\"><h3><span style=\"color: #ff6600;\">Application Procedures<\/span><\/h3><p class=\"ds-markdown-paragraph\">Course Introductions, Exam Details, and Application Forms for the 2025\u20132026 Academic Year will be available, June 12\u201321 (during office hours) at the college office or \u00a0Downloadable on this website.<\/p><table width=\"661\"><tbody><tr><td width=\"151\"><p style=\"text-align: center;\">Events<\/p><\/td><td width=\"187\"><p style=\"text-align: center;\">Dates<\/p><\/td><td width=\"323\"><p style=\"text-align: center;\">Remarks<\/p><\/td><\/tr><tr><td width=\"151\"><p>Application forms available<\/p><\/td><td width=\"187\"><p>12-21 June 2025<br \/>(Public holiday and Sunday closed)<\/p><\/td><td width=\"323\"><p>Download<\/p><p><a href=\"https:\/\/spiox.edu.mo\/wp-content\/uploads\/2025\/06\/2025-2026_\u5165\u5b78\u7533\u8acb\u8868_OK-\u8868\u683c\u5316-1.pdf\" target=\"_blank\" rel=\"noopener\"><strong>Application Form<\/strong><\/a><br \/><a href=\"https:\/\/drive.google.com\/file\/d\/1OEOyVt-QWp1xsaPXIqZevuaicqKKLDEa\/view?usp=drive_link\" target=\"_blank\" rel=\"noopener\"><strong>Course Introduction<\/strong><\/a><\/p><\/td><\/tr><tr><td width=\"151\"><p>Registration period<\/p><\/td><td width=\"187\"><p>16-21 June 2025<br \/>(Mon to Sat)<\/p><\/td><td width=\"323\"><p>Registration hours:<\/p><p>Mon to Fri 10:00-19:00, Sat 10:00-18:00<\/p><p>(Please note application forms will be accepted only during the above hours)<\/p><\/td><\/tr><tr><td width=\"151\">Auditions<\/td><td width=\"187\"><p>12 July 2025(Sat)<\/p><\/td><td width=\"323\"><p>Audition time to be notified by SMS on<br \/>30 June 2025<\/p><\/td><\/tr><tr><td width=\"151\"><p>Notification of audition results<\/p><\/td><td width=\"187\"><p>21 July 2025 (Mon)<\/p><\/td><td width=\"323\"><p>Results will be announced on the Academia website<\/p><\/td><\/tr><tr><td width=\"151\"><p>Enrollment<\/p><\/td><td width=\"187\"><p>21-26 July 2025<br \/>(Mon to Sat)<\/p><\/td><td width=\"323\"><p>\uff0eAccepted students should collect tuition payment slip during this period<\/p><p>\uff0eNon-payment by 26 July will be deemed as relinquishing of place offer.<\/p><p>\uff0ePlease make the tuition payment through<strong> <u>ICBC Mobile Banking App<\/u>. <\/strong>Easy Transfer or ATM transfers are not accepted<\/p><\/td><\/tr><\/tbody><\/table><\/div>\n\t\t\t\t<\/div>\n\t\t\t\t<\/div>\n\t\t\t\t<div class=\"elementor-element elementor-element-208f2d6 elementor-widget elementor-widget-menu-anchor\" data-id=\"208f2d6\" data-element_type=\"widget\" data-widget_type=\"menu-anchor.default\">\n\t\t\t\t<div class=\"elementor-widget-container\">\n\t\t\t\t\t<div id=\"exam\" class=\"elementor-menu-anchor\"><\/div>\n\t\t\t\t<\/div>\n\t\t\t\t<\/div>\n\t\t\t\t<div class=\"elementor-element elementor-element-27ae359 elementor-widget elementor-widget-text-editor\" data-id=\"27ae359\" data-element_type=\"widget\" data-widget_type=\"text-editor.default\">\n\t\t\t\t<div class=\"elementor-widget-container\">\n\t\t\t\t\t<div class=\"elementor-text-editor elementor-clearfix\"><h3 style=\"text-align: left;\"><span style=\"color: #ff6600;\"><strong>Auditions<\/strong><\/span><\/h3>\n<p>Entry is competitive by audition.\u00a0 Musical potential, suitability for the course, and the number of places available, are all taken into consideration.<\/p>\n<table width=\"671\">\n<tbody>\n<tr>\n<td width=\"179\">Music Levels<\/td>\n<td width=\"491\">Audition Content<\/td>\n<\/tr>\n<tr>\n<td width=\"179\">No prior music training\/ learning an instrument for less than 6 months<\/td>\n<td width=\"491\">1.\u00a0\u00a0\u00a0 Sing a song of your own choice without accompaniment<br \/>\n2.\u00a0\u00a0\u00a0 Tests in musical aptitude including pitch and rhythm will also be given<\/td>\n<\/tr>\n<tr>\n<td width=\"179\">Already learning an instrument (ABRSM Grade 3 or below)<\/td>\n<td width=\"491\">1.\u00a0\u00a0\u00a0 Play a piece of your own choice on the music instrument you applied for (please have the music available for the examiners)<br \/>\n2.\u00a0\u00a0\u00a0 Music aptitude tests and sight-singing will also be given<\/td>\n<\/tr>\n<tr>\n<td rowspan=\"3\" width=\"179\">Already learning an instrument (ABRSM Grade 4 or above)<strong>*<\/strong><\/td>\n<td width=\"491\">Piano:<br \/>\n1.\u00a0\u00a0\u00a0 Play a piece of your own choice (please have the music available for the examiners)<br \/>\n2.\u00a0\u00a0\u00a0 Own choice of a major scale and a minor scale (harmonic or melodic) and arpeggios of the same chosen key (not C, G, F major and A, E, D minor), all to be played 2 octaves<br \/>\n3.\u00a0\u00a0\u00a0 Music aptitude tests and sight-reading will also be given<\/td>\n<\/tr>\n<tr>\n<td width=\"491\">Violin:<br \/>\n1.\u00a0\u00a0\u00a0 Play a piece of your own choice (please have the music available for the examiners)<br \/>\n2.\u00a0\u00a0\u00a0 Own choice of a major scale and a minor scale (harmonic or melodic) and arpeggios of the same chosen key, to be played at least <strong><u>2 octaves or above<\/u><\/strong>. If the following keys are chosen, changing positions must be included:<br \/>\nMajor: G, A<sup>b<\/sup>, A, B<sup>b<\/sup>, B \uff0f Minor: G, G#, A, B<sup>b<\/sup>, B<br \/>\n3.\u00a0\u00a0\u00a0 Music aptitude tests and sight-reading will also be given<\/td>\n<\/tr>\n<tr>\n<td width=\"491\">Cello:<br \/>\n1.\u00a0\u00a0\u00a0 Play a piece of your own choice (please have the music available for the examiners)<br \/>\n2.\u00a0\u00a0\u00a0 <strong><u>Two octave<\/u><\/strong>s scales and arpeggios<br \/>\nMajor: F, B<sup>b<\/sup>, E<sup>b<\/sup>, A (choose one)<br \/>\nMinor: G (harmonic or melodic)<br \/>\nOR<br \/>\n<strong><u>Three octave<\/u><\/strong>s scales and arpeggios<br \/>\nMajor: C, D (choose one)<br \/>\nMinor: C, D (harmonic or melodic) (choose one)<br \/>\n3.\u00a0\u00a0\u00a0 Music aptitude tests and sight-reading will also be given<\/td>\n<\/tr>\n<tr>\n<td colspan=\"2\" width=\"671\"><strong>*<\/strong> (All music instruments) Applicants with ABRSM Grade 5 or above standard on their instrument must also take a theory test<\/td>\n<\/tr>\n<\/tbody>\n<\/table>\n<\/div>\n\t\t\t\t<\/div>\n\t\t\t\t<\/div>\n\t\t\t\t<div class=\"elementor-element elementor-element-a16ef74 elementor-widget elementor-widget-image\" data-id=\"a16ef74\" data-element_type=\"widget\" data-widget_type=\"image.default\">\n\t\t\t\t<div class=\"elementor-widget-container\">\n\t\t\t\t\t<div class=\"elementor-image\">\n\t\t\t\t\t\t\t\t\t\t<img loading=\"lazy\" decoding=\"async\" width=\"690\" height=\"976\" src=\"https:\/\/spiox.edu.mo\/wp-content\/uploads\/2025\/06\/\u5668\u6a02\u62db\u751f\u6d77\u5831_\u82f1\u6587.jpg\" class=\"attachment-large size-large\" alt=\"\" srcset=\"https:\/\/spiox.edu.mo\/wp-content\/uploads\/2025\/06\/\u5668\u6a02\u62db\u751f\u6d77\u5831_\u82f1\u6587.jpg 690w, https:\/\/spiox.edu.mo\/wp-content\/uploads\/2025\/06\/\u5668\u6a02\u62db\u751f\u6d77\u5831_\u82f1\u6587-424x600.jpg 424w\" sizes=\"auto, (max-width: 690px) 100vw, 690px\" \/>\t\t\t\t\t\t\t\t\t\t\t<\/div>\n\t\t\t\t<\/div>\n\t\t\t\t<\/div>\n\t\t\t\t\t\t<\/div>\n\t\t\t\t\t<\/div>\n\t\t<\/div>\n\t\t\t\t\t\t\t\t<\/div>\n\t\t\t\t\t<\/div>\n\t\t<\/section>\n\t\t\t\t\t\t<\/div>\n\t\t\t\t\t\t<\/div>\n\t\t\t\t\t<\/div>\n\t\t","protected":false},"excerpt":{"rendered":"<p>Regulations &#038; Form Downloads Admission Exam Details Introduction Established in 1962 by Fr. \u00c1ureo Castro, the Academia de M\u00fasica S\u00e3o Pio X, under the Macau Catholic Diocese, is the first music school in Macau providing systematic musical training for talented young people. The Academia stresses music and arts education as an integral part of holistic [&hellip;]<\/p>\n","protected":false},"author":1,"featured_media":10806,"parent":10057,"menu_order":0,"comment_status":"closed","ping_status":"closed","template":"","meta":{"footnotes":""},"class_list":["post-10045","page","type-page","status-publish","has-post-thumbnail","hentry"],"acf":[],"_links":{"self":[{"href":"https:\/\/spiox.edu.mo\/en\/wp-json\/wp\/v2\/pages\/10045","targetHints":{"allow":["GET"]}}],"collection":[{"href":"https:\/\/spiox.edu.mo\/en\/wp-json\/wp\/v2\/pages"}],"about":[{"href":"https:\/\/spiox.edu.mo\/en\/wp-json\/wp\/v2\/types\/page"}],"author":[{"embeddable":true,"href":"https:\/\/spiox.edu.mo\/en\/wp-json\/wp\/v2\/users\/1"}],"replies":[{"embeddable":true,"href":"https:\/\/spiox.edu.mo\/en\/wp-json\/wp\/v2\/comments?post=10045"}],"version-history":[{"count":0,"href":"https:\/\/spiox.edu.mo\/en\/wp-json\/wp\/v2\/pages\/10045\/revisions"}],"up":[{"embeddable":true,"href":"https:\/\/spiox.edu.mo\/en\/wp-json\/wp\/v2\/pages\/10057"}],"wp:featuredmedia":[{"embeddable":true,"href":"https:\/\/spiox.edu.mo\/en\/wp-json\/wp\/v2\/media\/10806"}],"wp:attachment":[{"href":"https:\/\/spiox.edu.mo\/en\/wp-json\/wp\/v2\/media?parent=10045"}],"curies":[{"name":"wp","href":"https:\/\/api.w.org\/{rel}","templated":true}]}}