{"id":10047,"date":"2019-11-10T23:04:23","date_gmt":"2019-11-10T15:04:23","guid":{"rendered":"http:\/\/spiox.edu.mo\/?page_id=10047"},"modified":"2026-05-06T14:01:27","modified_gmt":"2026-05-06T06:01:27","slug":"shenfujie-en","status":"publish","type":"page","link":"https:\/\/spiox.edu.mo\/en\/founder\/shenfujie-en\/","title":{"rendered":"Fr \u00c1ureo Castro"},"content":{"rendered":"\t\t<div data-elementor-type=\"wp-page\" data-elementor-id=\"10047\" class=\"elementor elementor-10047 elementor-313\" data-elementor-settings=\"[]\">\n\t\t\t\t\t\t<div class=\"elementor-inner\">\n\t\t\t\t\t\t\t<div class=\"elementor-section-wrap\">\n\t\t\t\t\t\t\t<section class=\"elementor-section elementor-top-section elementor-element elementor-element-126e9e67 elementor-section-boxed elementor-section-height-default elementor-section-height-default\" data-id=\"126e9e67\" data-element_type=\"section\" data-settings=\"{&quot;background_background&quot;:&quot;classic&quot;}\">\n\t\t\t\t\t\t\t<div class=\"elementor-background-overlay\"><\/div>\n\t\t\t\t\t\t\t<div class=\"elementor-container elementor-column-gap-default\">\n\t\t\t\t\t\t\t<div class=\"elementor-row\">\n\t\t\t\t\t<div class=\"elementor-column elementor-col-100 elementor-top-column elementor-element elementor-element-507fde94\" data-id=\"507fde94\" data-element_type=\"column\" data-settings=\"{&quot;background_background&quot;:&quot;classic&quot;}\">\n\t\t\t<div class=\"elementor-column-wrap elementor-element-populated\">\n\t\t\t\t\t\t\t<div class=\"elementor-widget-wrap\">\n\t\t\t\t\t\t<div class=\"elementor-element elementor-element-63abe7bb elementor-widget elementor-widget-heading\" data-id=\"63abe7bb\" data-element_type=\"widget\" data-widget_type=\"heading.default\">\n\t\t\t\t<div class=\"elementor-widget-container\">\n\t\t\t<h2 class=\"elementor-heading-title elementor-size-default\">Fr \u00c1ureo Castro<\/h2>\t\t<\/div>\n\t\t\t\t<\/div>\n\t\t\t\t<div class=\"elementor-element elementor-element-93e19d2 elementor-widget elementor-widget-text-editor\" data-id=\"93e19d2\" data-element_type=\"widget\" data-widget_type=\"text-editor.default\">\n\t\t\t\t<div class=\"elementor-widget-container\">\n\t\t\t\t\t<div class=\"elementor-text-editor elementor-clearfix\"><p>Fr \u00c1ureo Castro Nunes e Castro (1917-1993), widely known in Macau as Father \u00c1ureo, was born on 18 January 1917, in Candel\u00e1ria on Pico Island in the Azores, Portugal. He arrived in Macau on 15 September 1931, at the age of 14, and entered the St Joseph\u2019s Seminary to study theology. During his seminary years, he also studied solfeggio, theory and harmony under Fathers Wilhelm Schmid and Antonio Andre Ngan. He was ordained a priest on 8 September 1943. Following his ordination, Fr \u00c1ureo served as a professor at the seminary, and as chaplain and vicar of the Macau Cathedral. He was later appointed parish priest of St Lawrence\u2019s Church and became director of the Catholic weekly newspaper, O Clarim. His other educational roles included serving as teacher of choral singing, and religion and morals at the Liceu and the Pedro Nolasco Commercial School.<\/p><\/div>\n\t\t\t\t<\/div>\n\t\t\t\t<\/div>\n\t\t\t\t<section class=\"elementor-section elementor-inner-section elementor-element elementor-element-c188714 elementor-section-boxed elementor-section-height-default elementor-section-height-default\" data-id=\"c188714\" data-element_type=\"section\">\n\t\t\t\t\t\t<div class=\"elementor-container elementor-column-gap-default\">\n\t\t\t\t\t\t\t<div class=\"elementor-row\">\n\t\t\t\t\t<div class=\"elementor-column elementor-col-33 elementor-inner-column elementor-element elementor-element-a8f3e3d\" data-id=\"a8f3e3d\" data-element_type=\"column\">\n\t\t\t<div class=\"elementor-column-wrap elementor-element-populated\">\n\t\t\t\t\t\t\t<div class=\"elementor-widget-wrap\">\n\t\t\t\t\t\t<div class=\"elementor-element elementor-element-2c4a860 elementor-widget elementor-widget-image\" data-id=\"2c4a860\" data-element_type=\"widget\" data-widget_type=\"image.default\">\n\t\t\t\t<div class=\"elementor-widget-container\">\n\t\t\t\t\t<div class=\"elementor-image\">\n\t\t\t\t\t\t\t<figure class=\"wp-caption\">\n\t\t\t\t\t\t\t\t\t\t\t<a href=\"http:\/\/spiox.edu.mo\/wp-content\/uploads\/2019\/11\/14.jpg\" data-elementor-open-lightbox=\"yes\" data-elementor-lightbox-title=\"\u5b78\u751f\u6642\u671f\u5728\u8056\u82e5\u745f\u4fee\u9662\u4fee\u8b80\u7684\u5340\u795e\u7236\">\n\t\t\t\t\t\t\t<img loading=\"lazy\" decoding=\"async\" width=\"300\" height=\"300\" src=\"https:\/\/spiox.edu.mo\/wp-content\/uploads\/2019\/11\/14-300x300.jpg\" class=\"attachment-thumbnail size-thumbnail\" alt=\"\u5b78\u751f\u6642\u671f\u5728\u8056\u82e5\u745f\u4fee\u9662\u4fee\u8b80\u7684\u5340\u795e\u7236\" \/>\t\t\t\t\t\t\t\t<\/a>\n\t\t\t\t\t\t\t\t\t\t\t<figcaption class=\"widget-image-caption wp-caption-text\">\u5716\u7247\u8aaa\u660e\uff1a\u5b78\u751f\u6642\u671f\u5728\u8056\u82e5\u745f\u4fee\u9662\u4fee\u8b80\u7684\u5340\u795e\u7236<\/figcaption>\n\t\t\t\t\t\t\t\t\t\t<\/figure>\n\t\t\t\t\t<\/div>\n\t\t\t\t<\/div>\n\t\t\t\t<\/div>\n\t\t\t\t\t\t<\/div>\n\t\t\t\t\t<\/div>\n\t\t<\/div>\n\t\t\t\t<div class=\"elementor-column elementor-col-33 elementor-inner-column elementor-element elementor-element-b9ae055\" data-id=\"b9ae055\" data-element_type=\"column\">\n\t\t\t<div class=\"elementor-column-wrap elementor-element-populated\">\n\t\t\t\t\t\t\t<div class=\"elementor-widget-wrap\">\n\t\t\t\t\t\t<div class=\"elementor-element elementor-element-1fccfd1 elementor-widget elementor-widget-image\" data-id=\"1fccfd1\" data-element_type=\"widget\" data-widget_type=\"image.default\">\n\t\t\t\t<div class=\"elementor-widget-container\">\n\t\t\t\t\t<div class=\"elementor-image\">\n\t\t\t\t\t\t\t<figure class=\"wp-caption\">\n\t\t\t\t\t\t\t\t\t\t\t<a href=\"http:\/\/spiox.edu.mo\/wp-content\/uploads\/2019\/11\/15-scaled.jpg\" data-elementor-open-lightbox=\"yes\" data-elementor-lightbox-title=\"\u5340\u795e\u7236\u8207\u8056\u82e5\u745f\u4fee\u9662\u4fee\u751f\u6a02\u968a\u5408\u7167\">\n\t\t\t\t\t\t\t<img loading=\"lazy\" decoding=\"async\" width=\"300\" height=\"300\" src=\"https:\/\/spiox.edu.mo\/wp-content\/uploads\/2019\/11\/15-300x300.jpg\" class=\"attachment-thumbnail size-thumbnail\" alt=\"\u5340\u795e\u7236\u8207\u8056\u82e5\u745f\u4fee\u9662\u4fee\u751f\u6a02\u968a\u5408\u7167\" \/>\t\t\t\t\t\t\t\t<\/a>\n\t\t\t\t\t\t\t\t\t\t\t<figcaption class=\"widget-image-caption wp-caption-text\">\u5716\u7247\u8aaa\u660e\uff1a\u5340\u795e\u7236\u8207\u8056\u82e5\u745f\u4fee\u9662\u4fee\u751f\u6a02\u968a\u5408\u7167<\/figcaption>\n\t\t\t\t\t\t\t\t\t\t<\/figure>\n\t\t\t\t\t<\/div>\n\t\t\t\t<\/div>\n\t\t\t\t<\/div>\n\t\t\t\t\t\t<\/div>\n\t\t\t\t\t<\/div>\n\t\t<\/div>\n\t\t\t\t<div class=\"elementor-column elementor-col-33 elementor-inner-column elementor-element elementor-element-5a80ce6\" data-id=\"5a80ce6\" data-element_type=\"column\">\n\t\t\t<div class=\"elementor-column-wrap elementor-element-populated\">\n\t\t\t\t\t\t\t<div class=\"elementor-widget-wrap\">\n\t\t\t\t\t\t<div class=\"elementor-element elementor-element-e04bada elementor-widget elementor-widget-image\" data-id=\"e04bada\" data-element_type=\"widget\" data-widget_type=\"image.default\">\n\t\t\t\t<div class=\"elementor-widget-container\">\n\t\t\t\t\t<div class=\"elementor-image\">\n\t\t\t\t\t\t\t<figure class=\"wp-caption\">\n\t\t\t\t\t\t\t\t\t\t<img loading=\"lazy\" decoding=\"async\" width=\"300\" height=\"300\" src=\"https:\/\/spiox.edu.mo\/wp-content\/uploads\/2019\/11\/15a-300x300.jpg\" class=\"attachment-thumbnail size-thumbnail\" alt=\"\" \/>\t\t\t\t\t\t\t\t\t\t\t<figcaption class=\"widget-image-caption wp-caption-text\">\u5716\u7247\u8aaa\u660e\uff1a\u5340\u795e\u7236\u624b\u7a3f<\/figcaption>\n\t\t\t\t\t\t\t\t\t\t<\/figure>\n\t\t\t\t\t<\/div>\n\t\t\t\t<\/div>\n\t\t\t\t<\/div>\n\t\t\t\t\t\t<\/div>\n\t\t\t\t\t<\/div>\n\t\t<\/div>\n\t\t\t\t\t\t\t\t<\/div>\n\t\t\t\t\t<\/div>\n\t\t<\/section>\n\t\t\t\t<div class=\"elementor-element elementor-element-864e05f elementor-widget elementor-widget-text-editor\" data-id=\"864e05f\" data-element_type=\"widget\" data-widget_type=\"text-editor.default\">\n\t\t\t\t<div class=\"elementor-widget-container\">\n\t\t\t\t\t<div class=\"elementor-text-editor elementor-clearfix\"><p>In 1951, Fr \u00c1ureo went to Lisbon to study music at the National Conservatory, where he also studied voice and piano with Biermann, Arminda Correia and Croner de Vasconcelos (1910-1974). He was also assistant to the Portuguese conductor and musicologist Mario Sampayo Ribeiro (1898-1966) in the choir of the University of Lisbon. He graduated with a distinction in Music Composition in 1958. While in Portugal, he completed Sonata No. 1, Sonata No. 2, Sonatina No. 1, Sonatina No. 2, \u201cTr\u00eas Corais Melodias Gregorianas\u201d and \u201cTe Deum\u201d for choir and organ. They premiered at the church of S\u00e3o Joao de Deus, Lisbon.<\/p><p>Upon returning to Macau, Fr \u00c1ureo promoted religious singing and founded the \u201cGrupo Coral Polifonico\u201d in 1959. In 1962, alongside Fr Cesar Brianza (1918-1986), he founded the \u201cAcademia de Musica de S\u00e3o Pio X\u201d (AMSPioX) and became its Director. As the first institution to provide systematic musical training for young people, the Academia marked a significant milestone in the development of music education in Macau. Besides academic studies, the AMSPioX organized free public concerts and invited many internationally renowned musicians to perform in Macau. In 1983, he founded the Macau Chamber Orchestra (the predecessor of the present Macao Orchestra) with British composer Stuart Bonner and a group of friends, laying the foundation for the development of orchestras in Macau. <\/p><\/div>\n\t\t\t\t<\/div>\n\t\t\t\t<\/div>\n\t\t\t\t<section class=\"elementor-section elementor-inner-section elementor-element elementor-element-b5e89ee elementor-section-boxed elementor-section-height-default elementor-section-height-default\" data-id=\"b5e89ee\" data-element_type=\"section\">\n\t\t\t\t\t\t<div class=\"elementor-container elementor-column-gap-default\">\n\t\t\t\t\t\t\t<div class=\"elementor-row\">\n\t\t\t\t\t<div class=\"elementor-column elementor-col-50 elementor-inner-column elementor-element elementor-element-5dfaf95\" data-id=\"5dfaf95\" data-element_type=\"column\">\n\t\t\t<div class=\"elementor-column-wrap elementor-element-populated\">\n\t\t\t\t\t\t\t<div class=\"elementor-widget-wrap\">\n\t\t\t\t\t\t<div class=\"elementor-element elementor-element-350cd86 elementor-widget elementor-widget-image\" data-id=\"350cd86\" data-element_type=\"widget\" data-widget_type=\"image.default\">\n\t\t\t\t<div class=\"elementor-widget-container\">\n\t\t\t\t\t<div class=\"elementor-image\">\n\t\t\t\t\t\t\t<figure class=\"wp-caption\">\n\t\t\t\t\t\t\t\t\t\t\t<a href=\"http:\/\/spiox.edu.mo\/wp-content\/uploads\/2019\/11\/16-scaled.jpg\" data-elementor-open-lightbox=\"yes\" data-elementor-lightbox-title=\"1962\u5e74\uff0c\u6fb3\u9580\u9996\u9593\u97f3\u6a02\u5b78\u9662\u8056\u5e87\u8b77\u5341\u4e16\u97f3\u6a02\u5b78\u9662\u5275\u7acb\uff0c\u5716\u70ba\u5b78\u96621962-1963\u5e74\u5ea6\u9996\u6b21\u7d50\u696d\u97f3\u6a02\u6703\u5f8c\u5408\u7167\">\n\t\t\t\t\t\t\t<img loading=\"lazy\" decoding=\"async\" width=\"300\" height=\"300\" src=\"https:\/\/spiox.edu.mo\/wp-content\/uploads\/2019\/11\/16-300x300.jpg\" class=\"attachment-thumbnail size-thumbnail\" alt=\"1962\u5e74\uff0c\u6fb3\u9580\u9996\u9593\u97f3\u6a02\u5b78\u9662\u8056\u5e87\u8b77\u5341\u4e16\u97f3\u6a02\u5b78\u9662\u5275\u7acb\uff0c\u5716\u70ba\u5b78\u96621962-1963\u5e74\u5ea6\u9996\u6b21\u7d50\u696d\u97f3\u6a02\u6703\u5f8c\u5408\u7167\" \/>\t\t\t\t\t\t\t\t<\/a>\n\t\t\t\t\t\t\t\t\t\t\t<figcaption class=\"widget-image-caption wp-caption-text\">\u5716\u7247\u8aaa\u660e\uff1a1962\u5e74\uff0c\u6fb3\u9580\u9996\u9593\u97f3\u6a02\u5b78\u9662\u8056\u5e87\u8b77\u5341\u4e16\u97f3\u6a02\u5b78\u9662\u5275\u7acb\uff0c\u5716\u70ba\u5b78\u96621962-1963\u5e74\u5ea6\u9996\u6b21\u7d50\u696d\u97f3\u6a02\u6703\u5f8c\u5408\u7167<\/figcaption>\n\t\t\t\t\t\t\t\t\t\t<\/figure>\n\t\t\t\t\t<\/div>\n\t\t\t\t<\/div>\n\t\t\t\t<\/div>\n\t\t\t\t\t\t<\/div>\n\t\t\t\t\t<\/div>\n\t\t<\/div>\n\t\t\t\t<div class=\"elementor-column elementor-col-50 elementor-inner-column elementor-element elementor-element-56c7717\" data-id=\"56c7717\" data-element_type=\"column\">\n\t\t\t<div class=\"elementor-column-wrap elementor-element-populated\">\n\t\t\t\t\t\t\t<div class=\"elementor-widget-wrap\">\n\t\t\t\t\t\t<div class=\"elementor-element elementor-element-f5c2b18 elementor-widget elementor-widget-image\" data-id=\"f5c2b18\" data-element_type=\"widget\" data-widget_type=\"image.default\">\n\t\t\t\t<div class=\"elementor-widget-container\">\n\t\t\t\t\t<div class=\"elementor-image\">\n\t\t\t\t\t\t\t<figure class=\"wp-caption\">\n\t\t\t\t\t\t\t\t\t\t\t<a href=\"http:\/\/spiox.edu.mo\/wp-content\/uploads\/2019\/11\/17-scaled.jpg\" data-elementor-open-lightbox=\"yes\" data-elementor-lightbox-title=\"1987\u5e74\uff0c\u5e2b\u751f\u5728\u97f3\u6a02\u5b78\u9662\uff08\u7f8e\u9e97\u8857\u820a\u5740\uff09\u79ae\u5802\u5408\u7167\">\n\t\t\t\t\t\t\t<img loading=\"lazy\" decoding=\"async\" width=\"300\" height=\"300\" src=\"https:\/\/spiox.edu.mo\/wp-content\/uploads\/2019\/11\/17-300x300.jpg\" class=\"attachment-thumbnail size-thumbnail\" alt=\"\" \/>\t\t\t\t\t\t\t\t<\/a>\n\t\t\t\t\t\t\t\t\t\t\t<figcaption class=\"widget-image-caption wp-caption-text\">\u5716\u7247\u8aaa\u660e\uff1a1987\u5e74\uff0c\u5e2b\u751f\u5728\u97f3\u6a02\u5b78\u9662\uff08\u7f8e\u9e97\u8857\u820a\u5740\uff09\u79ae\u5802\u5408\u7167<\/figcaption>\n\t\t\t\t\t\t\t\t\t\t<\/figure>\n\t\t\t\t\t<\/div>\n\t\t\t\t<\/div>\n\t\t\t\t<\/div>\n\t\t\t\t\t\t<\/div>\n\t\t\t\t\t<\/div>\n\t\t<\/div>\n\t\t\t\t\t\t\t\t<\/div>\n\t\t\t\t\t<\/div>\n\t\t<\/section>\n\t\t\t\t<div class=\"elementor-element elementor-element-1c384c0 elementor-widget elementor-widget-text-editor\" data-id=\"1c384c0\" data-element_type=\"widget\" data-widget_type=\"text-editor.default\">\n\t\t\t\t<div class=\"elementor-widget-container\">\n\t\t\t\t\t<div class=\"elementor-text-editor elementor-clearfix\"><p>Fr \u00c1ureo dedicated his life to the service of the Church and the promotion of music, leaving a profound impact on the musical history of Macau. Widely recognized as a great composer, conductor and music educator, he received high honors for his contributions. In 1987 and 1990, the Academia and Fr \u00c1ureo were twice decorated by the Macau Government with the Medal of Cultural Merit respectively. Fr \u00c1ureo passed away on 21 January 1993, at the age of 76, and was buried at the Cemetery of S\u00e3o Miguel Arcanjo.<\/p><\/div>\n\t\t\t\t<\/div>\n\t\t\t\t<\/div>\n\t\t\t\t<div class=\"elementor-element elementor-element-56104c9 elementor-widget elementor-widget-image\" data-id=\"56104c9\" data-element_type=\"widget\" data-widget_type=\"image.default\">\n\t\t\t\t<div class=\"elementor-widget-container\">\n\t\t\t\t\t<div class=\"elementor-image\">\n\t\t\t\t\t\t\t<figure class=\"wp-caption\">\n\t\t\t\t\t\t\t\t\t\t\t<a href=\"http:\/\/spiox.edu.mo\/wp-content\/uploads\/2020\/01\/award.jpg\" data-elementor-open-lightbox=\"yes\" data-elementor-lightbox-title=\"\u5340\u795e\u7236\u69ae\u7372\u6587\u5316\u529f\u7e3e\u52db\u7ae0\">\n\t\t\t\t\t\t\t<img loading=\"lazy\" decoding=\"async\" width=\"300\" height=\"300\" src=\"https:\/\/spiox.edu.mo\/wp-content\/uploads\/2020\/01\/award-300x300.jpg\" class=\"attachment-thumbnail size-thumbnail\" alt=\"\u5340\u795e\u7236\u69ae\u7372\u6587\u5316\u529f\u7e3e\u52db\u7ae0\" \/>\t\t\t\t\t\t\t\t<\/a>\n\t\t\t\t\t\t\t\t\t\t\t<figcaption class=\"widget-image-caption wp-caption-text\">1990\u5e74\uff0c\u5340\u795e\u7236\u69ae\u7372\u6fb3\u9580\u653f\u5e9c\u9812\u6388\u201c\u6587\u5316\u529f\u7e3e\u52f3\u7ae0\uff02<\/figcaption>\n\t\t\t\t\t\t\t\t\t\t<\/figure>\n\t\t\t\t\t<\/div>\n\t\t\t\t<\/div>\n\t\t\t\t<\/div>\n\t\t\t\t<div class=\"elementor-element elementor-element-61b15832 elementor-widget elementor-widget-text-editor\" data-id=\"61b15832\" data-element_type=\"widget\" data-widget_type=\"text-editor.default\">\n\t\t\t\t<div class=\"elementor-widget-container\">\n\t\t\t\t\t<div class=\"elementor-text-editor elementor-clearfix\"><\/div>\n\t\t\t\t<\/div>\n\t\t\t\t<\/div>\n\t\t\t\t\t\t<\/div>\n\t\t\t\t\t<\/div>\n\t\t<\/div>\n\t\t\t\t\t\t\t\t<\/div>\n\t\t\t\t\t<\/div>\n\t\t<\/section>\n\t\t\t\t\t\t<\/div>\n\t\t\t\t\t\t<\/div>\n\t\t\t\t\t<\/div>\n\t\t","protected":false},"excerpt":{"rendered":"<p>Fr \u00c1ureo Castro Fr \u00c1ureo Castro Nunes e Castro (1917-1993), widely known in Macau as Father \u00c1ureo, was born on 18 January 1917, in Candel\u00e1ria on Pico Island in the Azores, Portugal. He arrived in Macau on 15 September 1931, at the age of 14, and entered the St Joseph\u2019s Seminary to study theology. During [&hellip;]<\/p>\n","protected":false},"author":1,"featured_media":10806,"parent":10036,"menu_order":0,"comment_status":"closed","ping_status":"closed","template":"","meta":{"footnotes":""},"class_list":["post-10047","page","type-page","status-publish","has-post-thumbnail","hentry"],"acf":[],"_links":{"self":[{"href":"https:\/\/spiox.edu.mo\/en\/wp-json\/wp\/v2\/pages\/10047","targetHints":{"allow":["GET"]}}],"collection":[{"href":"https:\/\/spiox.edu.mo\/en\/wp-json\/wp\/v2\/pages"}],"about":[{"href":"https:\/\/spiox.edu.mo\/en\/wp-json\/wp\/v2\/types\/page"}],"author":[{"embeddable":true,"href":"https:\/\/spiox.edu.mo\/en\/wp-json\/wp\/v2\/users\/1"}],"replies":[{"embeddable":true,"href":"https:\/\/spiox.edu.mo\/en\/wp-json\/wp\/v2\/comments?post=10047"}],"version-history":[{"count":0,"href":"https:\/\/spiox.edu.mo\/en\/wp-json\/wp\/v2\/pages\/10047\/revisions"}],"up":[{"embeddable":true,"href":"https:\/\/spiox.edu.mo\/en\/wp-json\/wp\/v2\/pages\/10036"}],"wp:featuredmedia":[{"embeddable":true,"href":"https:\/\/spiox.edu.mo\/en\/wp-json\/wp\/v2\/media\/10806"}],"wp:attachment":[{"href":"https:\/\/spiox.edu.mo\/en\/wp-json\/wp\/v2\/media?parent=10047"}],"curies":[{"name":"wp","href":"https:\/\/api.w.org\/{rel}","templated":true}]}}