{"id":15309,"date":"2025-03-17T16:07:23","date_gmt":"2025-03-17T08:07:23","guid":{"rendered":"https:\/\/spiox.edu.mo\/?page_id=15309"},"modified":"2026-04-30T15:42:44","modified_gmt":"2026-04-30T07:42:44","slug":"introduction","status":"publish","type":"page","link":"https:\/\/spiox.edu.mo\/en\/promoting-the-vocal-music-of-fr-aureo-castro\/introduction\/","title":{"rendered":"Introduction"},"content":{"rendered":"\t\t<div data-elementor-type=\"wp-page\" data-elementor-id=\"15309\" class=\"elementor elementor-15309\" data-elementor-settings=\"[]\">\n\t\t\t\t\t\t<div class=\"elementor-inner\">\n\t\t\t\t\t\t\t<div class=\"elementor-section-wrap\">\n\t\t\t\t\t\t\t<section class=\"elementor-section elementor-top-section elementor-element elementor-element-b9dcca1 elementor-section-boxed elementor-section-height-default elementor-section-height-default\" data-id=\"b9dcca1\" data-element_type=\"section\">\n\t\t\t\t\t\t<div class=\"elementor-container elementor-column-gap-default\">\n\t\t\t\t\t\t\t<div class=\"elementor-row\">\n\t\t\t\t\t<div class=\"elementor-column elementor-col-100 elementor-top-column elementor-element elementor-element-ff0db76\" data-id=\"ff0db76\" data-element_type=\"column\">\n\t\t\t<div class=\"elementor-column-wrap elementor-element-populated\">\n\t\t\t\t\t\t\t<div class=\"elementor-widget-wrap\">\n\t\t\t\t\t\t<section class=\"elementor-section elementor-inner-section elementor-element elementor-element-cb23b34 elementor-section-boxed elementor-section-height-default elementor-section-height-default\" data-id=\"cb23b34\" data-element_type=\"section\" data-settings=\"{&quot;background_background&quot;:&quot;classic&quot;}\">\n\t\t\t\t\t\t<div class=\"elementor-container elementor-column-gap-default\">\n\t\t\t\t\t\t\t<div class=\"elementor-row\">\n\t\t\t\t\t<div class=\"elementor-column elementor-col-100 elementor-inner-column elementor-element elementor-element-ec4b265\" data-id=\"ec4b265\" data-element_type=\"column\">\n\t\t\t<div class=\"elementor-column-wrap elementor-element-populated\">\n\t\t\t\t\t\t\t<div class=\"elementor-widget-wrap\">\n\t\t\t\t\t\t<div class=\"elementor-element elementor-element-2dc9ab1 elementor-widget elementor-widget-heading\" data-id=\"2dc9ab1\" data-element_type=\"widget\" data-widget_type=\"heading.default\">\n\t\t\t\t<div class=\"elementor-widget-container\">\n\t\t\t<h2 class=\"elementor-heading-title elementor-size-large\">The Beauty of Sacred Music: Promoting the Vocal Works of Fr \u00c1ureo Castro<\/h2>\t\t<\/div>\n\t\t\t\t<\/div>\n\t\t\t\t<div class=\"elementor-element elementor-element-e837f99 elementor-widget elementor-widget-text-editor\" data-id=\"e837f99\" data-element_type=\"widget\" data-widget_type=\"text-editor.default\">\n\t\t\t\t<div class=\"elementor-widget-container\">\n\t\t\t\t\t<div class=\"elementor-text-editor elementor-clearfix\"><p>With the rapid development of online media, the channels of promoting music have been evolving. The sacred vocal music of Fr \u00c1ureo Castro &#8211; founder of the Academia de M\u00fasica S\u00e3o Pio X (AMSPioX) in Macau \u2013 is an invaluable treasure that beautifully blends faith and the arts. For this reason, Fr Jo\u00e3o Evangelista Lau, Supervisor of AMSPioX, has long hoped to introduce Fr \u00c1ureo\u2019s sacred vocal works to wider audiences, so that their profound meaning and wonderful melodies can be appreciated. With this goal in mind, Basilla Sam, Director of AMSPioX, invited the Academy\u2019s Resident-in-Composer, Dr Viola Yuen, together with the Hong Kong Chummy Choir, to record the music and promote it through online platforms. The project was launched in 2023.<\/p><p>Fr \u00c1ureo Castro (or Fr \u00c1ureo as he was known in Macau) wrote extensively for the voice and choir, and selecting pieces for video recording is by no means a simple task. After careful consideration, we decided to focus primarily on his sacred works. Dr Viola Yuen thoughtfully chose a set of refined compositions distinguished by beautiful harmonies, memorable melodies, and\u2014where appropriate\u2014elements that invite moments of meditation or serve liturgical purposes. After several rounds of review and selection, we ultimately chose to center the programme on the theme of God\u2019s salvation, resulting in the recording of ten works.<\/p><p>Since arriving in Macau at the age of 14, Fr \u00c1ureo lived and studied at the St Joseph Seminary. The Seminary served as the nurturing ground for developing his musical gifts; accordingly, this recording project was filmed at the Church of St Joseph Seminary, celebrated for its exceptional acoustics and atmosphere. On-site audio recording and filming were completed in mid-2024. Over the past few months, the production team has worked diligently to transform the recorded materials into high-quality videos\u2014presenting not only the music itself, but also the meaning and significance behind each sacred work.<\/p><p>These videos will be released and screened gradually throughout Lent and into Eastertide, so that everyone may experience the spiritual nourishment and inner peace that the music brings. We also hope that, as you listen to Fr \u00c1ureo\u2019s music, you will pause to reflect on God\u2019s unconditional and merciful love for us.<\/p><p>We would like to express our sincere gratitude to all who have been involved in this project. In particular, we thank Bishop Stephen Lee of the Catholic Diocese of Macau for granting permission to film at the Church of St Joseph Seminary, and we extend our appreciation to the staff of the Seminary for their support and coordination in all aspects of the production. We are also grateful to the Centro Diocesano dos Meios de Comunica\u00e7\u00e3o Social for lending the equipment used to support the recording.<\/p><p>We would further like to thank Dr Viola Yuen, recording engineer Mr Chan Pui Ching, and the MADLAB video team for their dedication throughout both pre-production and post-production. Our thanks also go to the Chummy Choir for preparing and rehearsing the pieces within a short time-frame.<br \/>From Lent through Eastertide in 2025, we will share these ten recordings on God\u2019s salvation for your enjoyment. For more information about this promotional initiative, please refer to the links below:<\/p><p><span style=\"color: #254cf7;\">Facebook<\/span> link:<br \/><a href=\"https:\/\/www.facebook.com\/profile.php?id=61573798365836\" target=\"_blank\" rel=\"noopener\">https:\/\/www.facebook.com\/profile.<\/a><br \/><a href=\"https:\/\/www.facebook.com\/profile.php?id=61573798365836\" target=\"_blank\" rel=\"noopener\">php?id=61573798365836<\/a><\/p><p><span style=\"color: #ff0000;\"><br \/>Youtube<\/span> link:<br \/><a href=\"https:\/\/www.youtube.com\/playlist?list=PLdWeoXVuwN0XUr6WI_yJC56RDxd2UgzBi\" target=\"_blank\" rel=\"noopener\">https:\/\/www.youtube.com\/playlist?ist=PLdWeoXVuwN0XUr6WI_<\/a><br \/><a href=\"https:\/\/www.youtube.com\/playlist?list=PLdWeoXVuwN0XUr6WI_yJC56RDxd2UgzBi\" target=\"_blank\" rel=\"noopener\">yJC56RDxd2UgzBi<\/a><\/p><\/div>\n\t\t\t\t<\/div>\n\t\t\t\t<\/div>\n\t\t\t\t\t\t<\/div>\n\t\t\t\t\t<\/div>\n\t\t<\/div>\n\t\t\t\t\t\t\t\t<\/div>\n\t\t\t\t\t<\/div>\n\t\t<\/section>\n\t\t\t\t\t\t<\/div>\n\t\t\t\t\t<\/div>\n\t\t<\/div>\n\t\t\t\t\t\t\t\t<\/div>\n\t\t\t\t\t<\/div>\n\t\t<\/section>\n\t\t\t\t\t\t<\/div>\n\t\t\t\t\t\t<\/div>\n\t\t\t\t\t<\/div>\n\t\t","protected":false},"excerpt":{"rendered":"<p>The Beauty of Sacred Music: Promoting the Vocal Works of Fr \u00c1ureo Castro With the rapid development of online media, the channels of promoting music have been evolving. The sacred vocal music of Fr \u00c1ureo Castro &#8211; founder of the Academia de M\u00fasica S\u00e3o Pio X (AMSPioX) in Macau \u2013 is an invaluable treasure that [&hellip;]<\/p>\n","protected":false},"author":6,"featured_media":10806,"parent":15307,"menu_order":0,"comment_status":"closed","ping_status":"closed","template":"","meta":{"footnotes":""},"class_list":["post-15309","page","type-page","status-publish","has-post-thumbnail","hentry"],"acf":[],"_links":{"self":[{"href":"https:\/\/spiox.edu.mo\/en\/wp-json\/wp\/v2\/pages\/15309","targetHints":{"allow":["GET"]}}],"collection":[{"href":"https:\/\/spiox.edu.mo\/en\/wp-json\/wp\/v2\/pages"}],"about":[{"href":"https:\/\/spiox.edu.mo\/en\/wp-json\/wp\/v2\/types\/page"}],"author":[{"embeddable":true,"href":"https:\/\/spiox.edu.mo\/en\/wp-json\/wp\/v2\/users\/6"}],"replies":[{"embeddable":true,"href":"https:\/\/spiox.edu.mo\/en\/wp-json\/wp\/v2\/comments?post=15309"}],"version-history":[{"count":0,"href":"https:\/\/spiox.edu.mo\/en\/wp-json\/wp\/v2\/pages\/15309\/revisions"}],"up":[{"embeddable":true,"href":"https:\/\/spiox.edu.mo\/en\/wp-json\/wp\/v2\/pages\/15307"}],"wp:featuredmedia":[{"embeddable":true,"href":"https:\/\/spiox.edu.mo\/en\/wp-json\/wp\/v2\/media\/10806"}],"wp:attachment":[{"href":"https:\/\/spiox.edu.mo\/en\/wp-json\/wp\/v2\/media?parent=15309"}],"curies":[{"name":"wp","href":"https:\/\/api.w.org\/{rel}","templated":true}]}}