{"id":16650,"date":"2026-02-03T09:08:23","date_gmt":"2026-02-03T01:08:23","guid":{"rendered":"https:\/\/spiox.edu.mo\/about\/organ-facility\/"},"modified":"2026-05-04T12:43:26","modified_gmt":"2026-05-04T04:43:26","slug":"organ-facilities","status":"publish","type":"page","link":"https:\/\/spiox.edu.mo\/en\/about\/organ-facilities\/","title":{"rendered":"Organ Facilities"},"content":{"rendered":"\t\t<div data-elementor-type=\"wp-page\" data-elementor-id=\"16650\" class=\"elementor elementor-16650 elementor-16577\" data-elementor-settings=\"[]\">\n\t\t\t\t\t\t<div class=\"elementor-inner\">\n\t\t\t\t\t\t\t<div class=\"elementor-section-wrap\">\n\t\t\t\t\t\t\t<section class=\"elementor-section elementor-top-section elementor-element elementor-element-b7840f5 elementor-section-boxed elementor-section-height-default elementor-section-height-default\" data-id=\"b7840f5\" data-element_type=\"section\">\n\t\t\t\t\t\t<div class=\"elementor-container elementor-column-gap-default\">\n\t\t\t\t\t\t\t<div class=\"elementor-row\">\n\t\t\t\t\t<div class=\"elementor-column elementor-col-100 elementor-top-column elementor-element elementor-element-3fcc268\" data-id=\"3fcc268\" data-element_type=\"column\">\n\t\t\t<div class=\"elementor-column-wrap elementor-element-populated\">\n\t\t\t\t\t\t\t<div class=\"elementor-widget-wrap\">\n\t\t\t\t\t\t<section class=\"elementor-section elementor-inner-section elementor-element elementor-element-e3236c4 elementor-section-boxed elementor-section-height-default elementor-section-height-default\" data-id=\"e3236c4\" data-element_type=\"section\" data-settings=\"{&quot;background_background&quot;:&quot;classic&quot;}\">\n\t\t\t\t\t\t<div class=\"elementor-container elementor-column-gap-default\">\n\t\t\t\t\t\t\t<div class=\"elementor-row\">\n\t\t\t\t\t<div class=\"elementor-column elementor-col-100 elementor-inner-column elementor-element elementor-element-d02ed81\" data-id=\"d02ed81\" data-element_type=\"column\">\n\t\t\t<div class=\"elementor-column-wrap elementor-element-populated\">\n\t\t\t\t\t\t\t<div class=\"elementor-widget-wrap\">\n\t\t\t\t\t\t<div class=\"elementor-element elementor-element-9092d2c elementor-widget elementor-widget-heading\" data-id=\"9092d2c\" data-element_type=\"widget\" data-widget_type=\"heading.default\">\n\t\t\t\t<div class=\"elementor-widget-container\">\n\t\t\t<h2 class=\"elementor-heading-title elementor-size-default\">Casavant Fr\u00e8res<\/h2>\t\t<\/div>\n\t\t\t\t<\/div>\n\t\t\t\t<div class=\"elementor-element elementor-element-227715f elementor-widget elementor-widget-text-editor\" data-id=\"227715f\" data-element_type=\"widget\" data-widget_type=\"text-editor.default\">\n\t\t\t\t<div class=\"elementor-widget-container\">\n\t\t\t\t\t<div class=\"elementor-text-editor elementor-clearfix\"><p>The Academia de M\u00fasica de S\u00e3o Pio X installed a new pipe organ from October to December 2025, and held an organ blessing ceremony and inauguration concert on 11 January 11 2026. The instrument is currently in full operation.<\/p>\n<p>&nbsp;<\/p>\n<p>This organ, manufactured by Casavant Fr\u00e8res (Canada), is Opus 3923. It has 504 pipes, 24 stops, three manuals and a pedalboard. The first manual is the Great, the second manual is the Swell, and the third manual is Remote, which can be connected to a large Viscount Unico digital organ. During performance, in addition to using its own pipes, the Great and Swell manuals can also be linked to a digital organ via MIDI stops, allowing both to be used simultaneously. Information about the stops is as follows:<\/p>\n<\/div>\n\t\t\t\t<\/div>\n\t\t\t\t<\/div>\n\t\t\t\t\t\t<\/div>\n\t\t\t\t\t<\/div>\n\t\t<\/div>\n\t\t\t\t\t\t\t\t<\/div>\n\t\t\t\t\t<\/div>\n\t\t<\/section>\n\t\t\t\t<section class=\"elementor-section elementor-inner-section elementor-element elementor-element-befdaa3 elementor-section-boxed elementor-section-height-default elementor-section-height-default\" data-id=\"befdaa3\" data-element_type=\"section\" data-settings=\"{&quot;background_background&quot;:&quot;classic&quot;}\">\n\t\t\t\t\t\t<div class=\"elementor-container elementor-column-gap-default\">\n\t\t\t\t\t\t\t<div class=\"elementor-row\">\n\t\t\t\t\t<div class=\"elementor-column elementor-col-25 elementor-inner-column elementor-element elementor-element-647f7e4\" data-id=\"647f7e4\" data-element_type=\"column\">\n\t\t\t<div class=\"elementor-column-wrap\">\n\t\t\t\t\t\t\t<div class=\"elementor-widget-wrap\">\n\t\t\t\t\t\t\t\t<\/div>\n\t\t\t\t\t<\/div>\n\t\t<\/div>\n\t\t\t\t<div class=\"elementor-column elementor-col-25 elementor-inner-column elementor-element elementor-element-5119cb2\" data-id=\"5119cb2\" data-element_type=\"column\">\n\t\t\t<div class=\"elementor-column-wrap elementor-element-populated\">\n\t\t\t\t\t\t\t<div class=\"elementor-widget-wrap\">\n\t\t\t\t\t\t<div class=\"elementor-element elementor-element-6b66924 elementor-widget elementor-widget-image\" data-id=\"6b66924\" data-element_type=\"widget\" data-widget_type=\"image.default\">\n\t\t\t\t<div class=\"elementor-widget-container\">\n\t\t\t\t\t<div class=\"elementor-image\">\n\t\t\t\t\t\t\t\t\t\t\t<a href=\"https:\/\/spiox.edu.mo\/wp-content\/uploads\/2026\/02\/\u98a8\u7ba1\u8cc7\u6599.jpg\" data-elementor-open-lightbox=\"yes\" data-elementor-lightbox-title=\"\u98a8\u7ba1\u8cc7\u6599\">\n\t\t\t\t\t\t\t<img loading=\"lazy\" decoding=\"async\" width=\"800\" height=\"1131\" src=\"https:\/\/spiox.edu.mo\/wp-content\/uploads\/2026\/02\/\u98a8\u7ba1\u8cc7\u6599-849x1200.jpg\" class=\"attachment-large size-large\" alt=\"\" srcset=\"https:\/\/spiox.edu.mo\/wp-content\/uploads\/2026\/02\/\u98a8\u7ba1\u8cc7\u6599-849x1200.jpg 849w, https:\/\/spiox.edu.mo\/wp-content\/uploads\/2026\/02\/\u98a8\u7ba1\u8cc7\u6599-424x600.jpg 424w, https:\/\/spiox.edu.mo\/wp-content\/uploads\/2026\/02\/\u98a8\u7ba1\u8cc7\u6599-768x1086.jpg 768w, https:\/\/spiox.edu.mo\/wp-content\/uploads\/2026\/02\/\u98a8\u7ba1\u8cc7\u6599-1086x1536.jpg 1086w, https:\/\/spiox.edu.mo\/wp-content\/uploads\/2026\/02\/\u98a8\u7ba1\u8cc7\u6599-1448x2048.jpg 1448w, https:\/\/spiox.edu.mo\/wp-content\/uploads\/2026\/02\/\u98a8\u7ba1\u8cc7\u6599.jpg 1654w\" sizes=\"auto, (max-width: 800px) 100vw, 800px\" \/>\t\t\t\t\t\t\t\t<\/a>\n\t\t\t\t\t\t\t\t\t\t\t<\/div>\n\t\t\t\t<\/div>\n\t\t\t\t<\/div>\n\t\t\t\t\t\t<\/div>\n\t\t\t\t\t<\/div>\n\t\t<\/div>\n\t\t\t\t<div class=\"elementor-column elementor-col-25 elementor-inner-column elementor-element elementor-element-e8d4958\" data-id=\"e8d4958\" data-element_type=\"column\">\n\t\t\t<div class=\"elementor-column-wrap elementor-element-populated\">\n\t\t\t\t\t\t\t<div class=\"elementor-widget-wrap\">\n\t\t\t\t\t\t<div class=\"elementor-element elementor-element-af41288 elementor-widget elementor-widget-image\" data-id=\"af41288\" data-element_type=\"widget\" data-widget_type=\"image.default\">\n\t\t\t\t<div class=\"elementor-widget-container\">\n\t\t\t\t\t<div class=\"elementor-image\">\n\t\t\t\t\t\t\t\t\t\t\t<a href=\"https:\/\/spiox.edu.mo\/wp-content\/uploads\/2026\/02\/L1004347-1.jpg\" data-elementor-open-lightbox=\"yes\" data-elementor-lightbox-title=\"L1004347\">\n\t\t\t\t\t\t\t<img loading=\"lazy\" decoding=\"async\" width=\"600\" height=\"903\" src=\"https:\/\/spiox.edu.mo\/wp-content\/uploads\/2026\/02\/L1004347-1.jpg\" class=\"attachment-large size-large\" alt=\"\" srcset=\"https:\/\/spiox.edu.mo\/wp-content\/uploads\/2026\/02\/L1004347-1.jpg 600w, https:\/\/spiox.edu.mo\/wp-content\/uploads\/2026\/02\/L1004347-1-399x600.jpg 399w\" sizes=\"auto, (max-width: 600px) 100vw, 600px\" \/>\t\t\t\t\t\t\t\t<\/a>\n\t\t\t\t\t\t\t\t\t\t\t<\/div>\n\t\t\t\t<\/div>\n\t\t\t\t<\/div>\n\t\t\t\t\t\t<\/div>\n\t\t\t\t\t<\/div>\n\t\t<\/div>\n\t\t\t\t<div class=\"elementor-column elementor-col-25 elementor-inner-column elementor-element elementor-element-23302dc\" data-id=\"23302dc\" data-element_type=\"column\">\n\t\t\t<div class=\"elementor-column-wrap\">\n\t\t\t\t\t\t\t<div class=\"elementor-widget-wrap\">\n\t\t\t\t\t\t\t\t<\/div>\n\t\t\t\t\t<\/div>\n\t\t<\/div>\n\t\t\t\t\t\t\t\t<\/div>\n\t\t\t\t\t<\/div>\n\t\t<\/section>\n\t\t\t\t<section class=\"elementor-section elementor-inner-section elementor-element elementor-element-f96b1f0 elementor-section-boxed elementor-section-height-default elementor-section-height-default\" data-id=\"f96b1f0\" data-element_type=\"section\" data-settings=\"{&quot;background_background&quot;:&quot;classic&quot;}\">\n\t\t\t\t\t\t<div class=\"elementor-container elementor-column-gap-default\">\n\t\t\t\t\t\t\t<div class=\"elementor-row\">\n\t\t\t\t\t<div class=\"elementor-column elementor-col-25 elementor-inner-column elementor-element elementor-element-cad6a4b\" data-id=\"cad6a4b\" data-element_type=\"column\">\n\t\t\t<div class=\"elementor-column-wrap\">\n\t\t\t\t\t\t\t<div class=\"elementor-widget-wrap\">\n\t\t\t\t\t\t\t\t<\/div>\n\t\t\t\t\t<\/div>\n\t\t<\/div>\n\t\t\t\t<div class=\"elementor-column elementor-col-25 elementor-inner-column elementor-element elementor-element-64f3433\" data-id=\"64f3433\" data-element_type=\"column\">\n\t\t\t<div class=\"elementor-column-wrap elementor-element-populated\">\n\t\t\t\t\t\t\t<div class=\"elementor-widget-wrap\">\n\t\t\t\t\t\t<div class=\"elementor-element elementor-element-f4698da elementor-widget elementor-widget-image\" data-id=\"f4698da\" data-element_type=\"widget\" data-widget_type=\"image.default\">\n\t\t\t\t<div class=\"elementor-widget-container\">\n\t\t\t\t\t<div class=\"elementor-image\">\n\t\t\t\t\t\t\t\t\t\t\t<a href=\"https:\/\/spiox.edu.mo\/wp-content\/uploads\/2026\/02\/L1004350.jpg\" data-elementor-open-lightbox=\"yes\" data-elementor-lightbox-title=\"L1004350\">\n\t\t\t\t\t\t\t<img loading=\"lazy\" decoding=\"async\" width=\"800\" height=\"531\" src=\"https:\/\/spiox.edu.mo\/wp-content\/uploads\/2026\/02\/L1004350-1200x797.jpg\" class=\"attachment-large size-large\" alt=\"\" srcset=\"https:\/\/spiox.edu.mo\/wp-content\/uploads\/2026\/02\/L1004350-1200x797.jpg 1200w, https:\/\/spiox.edu.mo\/wp-content\/uploads\/2026\/02\/L1004350-600x399.jpg 600w, https:\/\/spiox.edu.mo\/wp-content\/uploads\/2026\/02\/L1004350-768x510.jpg 768w, https:\/\/spiox.edu.mo\/wp-content\/uploads\/2026\/02\/L1004350-1536x1021.jpg 1536w, https:\/\/spiox.edu.mo\/wp-content\/uploads\/2026\/02\/L1004350-2048x1361.jpg 2048w\" sizes=\"auto, (max-width: 800px) 100vw, 800px\" \/>\t\t\t\t\t\t\t\t<\/a>\n\t\t\t\t\t\t\t\t\t\t\t<\/div>\n\t\t\t\t<\/div>\n\t\t\t\t<\/div>\n\t\t\t\t\t\t<\/div>\n\t\t\t\t\t<\/div>\n\t\t<\/div>\n\t\t\t\t<div class=\"elementor-column elementor-col-25 elementor-inner-column elementor-element elementor-element-54b34ce\" data-id=\"54b34ce\" data-element_type=\"column\">\n\t\t\t<div class=\"elementor-column-wrap elementor-element-populated\">\n\t\t\t\t\t\t\t<div class=\"elementor-widget-wrap\">\n\t\t\t\t\t\t<div class=\"elementor-element elementor-element-22422ab elementor-widget elementor-widget-image\" data-id=\"22422ab\" data-element_type=\"widget\" data-widget_type=\"image.default\">\n\t\t\t\t<div class=\"elementor-widget-container\">\n\t\t\t\t\t<div class=\"elementor-image\">\n\t\t\t\t\t\t\t\t\t\t\t<a href=\"https:\/\/spiox.edu.mo\/wp-content\/uploads\/2026\/02\/L1004353.jpg\" data-elementor-open-lightbox=\"yes\" data-elementor-lightbox-title=\"L1004353\">\n\t\t\t\t\t\t\t<img loading=\"lazy\" decoding=\"async\" width=\"800\" height=\"531\" src=\"https:\/\/spiox.edu.mo\/wp-content\/uploads\/2026\/02\/L1004353-1200x797.jpg\" class=\"attachment-large size-large\" alt=\"\" srcset=\"https:\/\/spiox.edu.mo\/wp-content\/uploads\/2026\/02\/L1004353-1200x797.jpg 1200w, https:\/\/spiox.edu.mo\/wp-content\/uploads\/2026\/02\/L1004353-600x399.jpg 600w, https:\/\/spiox.edu.mo\/wp-content\/uploads\/2026\/02\/L1004353-768x510.jpg 768w, https:\/\/spiox.edu.mo\/wp-content\/uploads\/2026\/02\/L1004353-1536x1021.jpg 1536w, https:\/\/spiox.edu.mo\/wp-content\/uploads\/2026\/02\/L1004353-2048x1361.jpg 2048w\" sizes=\"auto, (max-width: 800px) 100vw, 800px\" \/>\t\t\t\t\t\t\t\t<\/a>\n\t\t\t\t\t\t\t\t\t\t\t<\/div>\n\t\t\t\t<\/div>\n\t\t\t\t<\/div>\n\t\t\t\t\t\t<\/div>\n\t\t\t\t\t<\/div>\n\t\t<\/div>\n\t\t\t\t<div class=\"elementor-column elementor-col-25 elementor-inner-column elementor-element elementor-element-d87bb35\" data-id=\"d87bb35\" data-element_type=\"column\">\n\t\t\t<div class=\"elementor-column-wrap\">\n\t\t\t\t\t\t\t<div class=\"elementor-widget-wrap\">\n\t\t\t\t\t\t\t\t<\/div>\n\t\t\t\t\t<\/div>\n\t\t<\/div>\n\t\t\t\t\t\t\t\t<\/div>\n\t\t\t\t\t<\/div>\n\t\t<\/section>\n\t\t\t\t<section class=\"elementor-section elementor-inner-section elementor-element elementor-element-e270b95 elementor-section-boxed elementor-section-height-default elementor-section-height-default\" data-id=\"e270b95\" data-element_type=\"section\" data-settings=\"{&quot;background_background&quot;:&quot;classic&quot;}\">\n\t\t\t\t\t\t<div class=\"elementor-container elementor-column-gap-default\">\n\t\t\t\t\t\t\t<div class=\"elementor-row\">\n\t\t\t\t\t<div class=\"elementor-column elementor-col-100 elementor-inner-column elementor-element elementor-element-9a2dab0\" data-id=\"9a2dab0\" data-element_type=\"column\">\n\t\t\t<div class=\"elementor-column-wrap elementor-element-populated\">\n\t\t\t\t\t\t\t<div class=\"elementor-widget-wrap\">\n\t\t\t\t\t\t<div class=\"elementor-element elementor-element-b2fd93a elementor-widget elementor-widget-text-editor\" data-id=\"b2fd93a\" data-element_type=\"widget\" data-widget_type=\"text-editor.default\">\n\t\t\t\t<div class=\"elementor-widget-container\">\n\t\t\t\t\t<div class=\"elementor-text-editor elementor-clearfix\"><p>In addition to the Casavant pipe organ mentioned above, the Academia also housed three other electric organs, which we hope will further cultivate organ talents in Macao and promote organ music in the future.<\/p>\n<\/div>\n\t\t\t\t<\/div>\n\t\t\t\t<\/div>\n\t\t\t\t\t\t<\/div>\n\t\t\t\t\t<\/div>\n\t\t<\/div>\n\t\t\t\t\t\t\t\t<\/div>\n\t\t\t\t\t<\/div>\n\t\t<\/section>\n\t\t\t\t\t\t<\/div>\n\t\t\t\t\t<\/div>\n\t\t<\/div>\n\t\t\t\t\t\t\t\t<\/div>\n\t\t\t\t\t<\/div>\n\t\t<\/section>\n\t\t\t\t\t\t<\/div>\n\t\t\t\t\t\t<\/div>\n\t\t\t\t\t<\/div>\n\t\t","protected":false},"excerpt":{"rendered":"<p>Casavant Fr\u00e8res The Academia de M\u00fasica de S\u00e3o Pio X installed a new pipe organ from October to December 2025, and held an organ blessing ceremony and inauguration concert on 11 January 11 2026. The instrument is currently in full operation. &nbsp; This organ, manufactured by Casavant Fr\u00e8res (Canada), is Opus 3923. It has 504 [&hellip;]<\/p>\n","protected":false},"author":6,"featured_media":10807,"parent":10035,"menu_order":0,"comment_status":"closed","ping_status":"closed","template":"","meta":{"footnotes":""},"class_list":["post-16650","page","type-page","status-publish","has-post-thumbnail","hentry"],"acf":[],"_links":{"self":[{"href":"https:\/\/spiox.edu.mo\/en\/wp-json\/wp\/v2\/pages\/16650","targetHints":{"allow":["GET"]}}],"collection":[{"href":"https:\/\/spiox.edu.mo\/en\/wp-json\/wp\/v2\/pages"}],"about":[{"href":"https:\/\/spiox.edu.mo\/en\/wp-json\/wp\/v2\/types\/page"}],"author":[{"embeddable":true,"href":"https:\/\/spiox.edu.mo\/en\/wp-json\/wp\/v2\/users\/6"}],"replies":[{"embeddable":true,"href":"https:\/\/spiox.edu.mo\/en\/wp-json\/wp\/v2\/comments?post=16650"}],"version-history":[{"count":0,"href":"https:\/\/spiox.edu.mo\/en\/wp-json\/wp\/v2\/pages\/16650\/revisions"}],"up":[{"embeddable":true,"href":"https:\/\/spiox.edu.mo\/en\/wp-json\/wp\/v2\/pages\/10035"}],"wp:featuredmedia":[{"embeddable":true,"href":"https:\/\/spiox.edu.mo\/en\/wp-json\/wp\/v2\/media\/10807"}],"wp:attachment":[{"href":"https:\/\/spiox.edu.mo\/en\/wp-json\/wp\/v2\/media?parent=16650"}],"curies":[{"name":"wp","href":"https:\/\/api.w.org\/{rel}","templated":true}]}}